{"id":18,"date":"2015-04-08T12:07:28","date_gmt":"2015-04-08T15:07:28","guid":{"rendered":"https:\/\/www.ondawebhost5.com.br\/cursosjuridica\/?page_id=18"},"modified":"2015-10-02T14:41:10","modified_gmt":"2015-10-02T17:41:10","slug":"empresa","status":"publish","type":"page","link":"https:\/\/www.ondawebhost5.com.br\/cursosjuridica\/empresa\/","title":{"rendered":"Empresa"},"content":{"rendered":"<img loading=\"lazy\" class=\" size-full wp-image-70 aligncenter\" src=\"https:\/\/www.ondawebhost5.com.br\/cursosjuridica\/wp-content\/uploads\/2015\/04\/a-empresa.jpg\" alt=\"a-empresa\" width=\"625\" height=\"237\" srcset=\"https:\/\/www.ondawebhost5.com.br\/cursosjuridica\/wp-content\/uploads\/2015\/04\/a-empresa.jpg 625w, https:\/\/www.ondawebhost5.com.br\/cursosjuridica\/wp-content\/uploads\/2015\/04\/a-empresa-300x114.jpg 300w\" sizes=\"(max-width: 625px) 100vw, 625px\" \/>\n<p>A JUR\u00cdDICA METODOLOGIA PR\u00c1TICA \u00e9 uma escola voltada para o ensino pr\u00e1tico do Direito. Nasceu da vis\u00e3o de colmatar a lacuna entre o rico conhecimento acad\u00eamico e pr\u00e1tica di\u00e1ria da rotina do escrit\u00f3rio de advocacia.<br \/>\nCom um corpo docente altamente qualificado, temos o privil\u00e9gio de contar com uma banca de advogados-professores, mestres e doutores composta pelos melhores e mais experientes profissionais de cada \u00e1rea.<br \/>\nTodos os nossos cursos s\u00e3o essencialmente pr\u00e1ticos e presenciais.<\/p>\n<p>A vis\u00e3o educacional da Jur\u00eddica Metodologia Pr\u00e1tica \u00e9 aliar \u00e0 rica teoria acad\u00eamica a experi\u00eancia de quem j\u00e1 fez v\u00e1rias vezes. Nossos mestres pontuam por um ensino pr\u00e1tico na constru\u00e7\u00e3o da efetiva experi\u00eancia profissional.<br \/>\nTodos os materiais dados em nossos cursos s\u00e3o elaborados pelos nossos professores, pautados por um r\u00edgido sistema pedag\u00f3gico pr\u00e1tico jur\u00eddico, tornando o material profundo, descomplicado e de f\u00e1cil entendimento.<br \/>\nCom uma did\u00e1tica moderna, objetivo \u00e9 repartir o conhecimento pr\u00e1tico atrav\u00e9s da intera\u00e7\u00e3o entre mestre e classe.<\/p>\n<h4>VIS\u00c3O EDUCACIONAL<\/h4>\n<p>Toda teoria racional deve ser pratic\u00e1vel. O poeta Fernando Pessoa explicou bem isso: \u201cToda teoria deve ser feita para poder ser posta em pr\u00e1tica, e toda a pr\u00e1tica deve obedecer a uma teoria; s\u00f3 os esp\u00edritos superficiais desligam a teoria da pr\u00e1tica, n\u00e3o olhando que a teoria n\u00e3o \u00e9 sen\u00e3o uma teoria da pr\u00e1tica, e a pr\u00e1tica n\u00e3o \u00e9 sen\u00e3o a pr\u00e1tica de uma teoria\u201d. O poeta conclui: \u201cNa vida superior a teoria e a pr\u00e1tica completam-se; foram feitas uma para a outra\u201d. Stephen Case capturou bem a ess\u00eancia disso quando disse que \u201cno final, uma vis\u00e3o sem a habilidade para execut\u00e1-la \u00e9 provavelmente uma alucina\u00e7\u00e3o\u201d.<br \/>\nA vis\u00e3o educacional da Jur\u00eddica Metodologia Pr\u00e1tica \u00e9 aliar \u00e0 rica teoria acad\u00eamica a experi\u00eancia de quem j\u00e1 fez v\u00e1rias vezes. Nossos mestres pontuam por um ensino pr\u00e1tico na constru\u00e7\u00e3o da efetiva experi\u00eancia profissional.<\/p>\n","protected":false},"excerpt":{"rendered":"<p>A JUR\u00cdDICA METODOLOGIA PR\u00c1TICA \u00e9 uma escola voltada para o ensino pr\u00e1tico do Direito. Nasceu da vis\u00e3o de colmatar a lacuna entre o rico conhecimento acad\u00eamico e pr\u00e1tica di\u00e1ria da rotina do escrit\u00f3rio de advocacia. Com um corpo docente altamente qualificado, temos o privil\u00e9gio de contar com uma banca de advogados-professores, mestres e doutores composta&#8230;  <a class=\"excerpt-read-more\" href=\"https:\/\/www.ondawebhost5.com.br\/cursosjuridica\/empresa\/\" title=\"ReadEmpresa\">Leia Mais<\/a><\/p>\n","protected":false},"author":1,"featured_media":70,"parent":0,"menu_order":0,"comment_status":"open","ping_status":"open","template":"","meta":[],"_links":{"self":[{"href":"https:\/\/www.ondawebhost5.com.br\/cursosjuridica\/wp-json\/wp\/v2\/pages\/18"}],"collection":[{"href":"https:\/\/www.ondawebhost5.com.br\/cursosjuridica\/wp-json\/wp\/v2\/pages"}],"about":[{"href":"https:\/\/www.ondawebhost5.com.br\/cursosjuridica\/wp-json\/wp\/v2\/types\/page"}],"author":[{"embeddable":true,"href":"https:\/\/www.ondawebhost5.com.br\/cursosjuridica\/wp-json\/wp\/v2\/users\/1"}],"replies":[{"embeddable":true,"href":"https:\/\/www.ondawebhost5.com.br\/cursosjuridica\/wp-json\/wp\/v2\/comments?post=18"}],"version-history":[{"count":8,"href":"https:\/\/www.ondawebhost5.com.br\/cursosjuridica\/wp-json\/wp\/v2\/pages\/18\/revisions"}],"predecessor-version":[{"id":143,"href":"https:\/\/www.ondawebhost5.com.br\/cursosjuridica\/wp-json\/wp\/v2\/pages\/18\/revisions\/143"}],"wp:featuredmedia":[{"embeddable":true,"href":"https:\/\/www.ondawebhost5.com.br\/cursosjuridica\/wp-json\/wp\/v2\/media\/70"}],"wp:attachment":[{"href":"https:\/\/www.ondawebhost5.com.br\/cursosjuridica\/wp-json\/wp\/v2\/media?parent=18"}],"curies":[{"name":"wp","href":"https:\/\/api.w.org\/{rel}","templated":true}]}}